{"id":3821,"date":"2025-04-07T00:44:18","date_gmt":"2025-04-06T23:44:18","guid":{"rendered":"https:\/\/mycryptofunding.org\/obrigado-a-voce\/"},"modified":"2026-01-21T18:51:33","modified_gmt":"2026-01-21T18:51:33","slug":"obrigado-a-voce","status":"publish","type":"page","link":"https:\/\/mycryptofunding.org\/pt-br\/obrigado-a-voce\/","title":{"rendered":"Obrigado !"},"content":{"rendered":"\t\t<div data-elementor-type=\"wp-page\" data-elementor-id=\"3821\" class=\"elementor elementor-3821 elementor-2502\" data-elementor-post-type=\"page\">\n\t\t\t\t<div class=\"elementor-element elementor-element-212eb00 e-flex e-con-boxed wpr-particle-no wpr-jarallax-no wpr-parallax-no wpr-sticky-section-no e-con e-parent\" data-id=\"212eb00\" data-element_type=\"container\" data-e-type=\"container\" data-settings=\"{&quot;background_background&quot;:&quot;classic&quot;}\">\n\t\t\t\t\t<div class=\"e-con-inner\">\n\t\t<div class=\"elementor-element elementor-element-d4e3cf1 e-con-full e-flex wpr-particle-no wpr-jarallax-no wpr-parallax-no wpr-sticky-section-no e-con e-child\" data-id=\"d4e3cf1\" data-element_type=\"container\" data-e-type=\"container\" data-settings=\"{&quot;background_background&quot;:&quot;classic&quot;}\">\n\t\t\t\t<div class=\"elementor-element elementor-element-35bc1ab elementor-widget__width-initial elementor-view-default elementor-position-block-start elementor-mobile-position-block-start elementor-widget elementor-widget-icon-box\" data-id=\"35bc1ab\" data-element_type=\"widget\" data-e-type=\"widget\" data-widget_type=\"icon-box.default\">\n\t\t\t\t<div class=\"elementor-widget-container\">\n\t\t\t\t\t\t\t<div class=\"elementor-icon-box-wrapper\">\n\n\t\t\t\t\t\t<div class=\"elementor-icon-box-icon\">\n\t\t\t\t<span  class=\"elementor-icon\">\n\t\t\t\t<svg aria-hidden=\"true\" class=\"e-font-icon-svg e-far-check-circle\" viewBox=\"0 0 512 512\" xmlns=\"http:\/\/www.w3.org\/2000\/svg\"><path d=\"M256 8C119.033 8 8 119.033 8 256s111.033 248 248 248 248-111.033 248-248S392.967 8 256 8zm0 48c110.532 0 200 89.451 200 200 0 110.532-89.451 200-200 200-110.532 0-200-89.451-200-200 0-110.532 89.451-200 200-200m140.204 130.267l-22.536-22.718c-4.667-4.705-12.265-4.736-16.97-.068L215.346 303.697l-59.792-60.277c-4.667-4.705-12.265-4.736-16.97-.069l-22.719 22.536c-4.705 4.667-4.736 12.265-.068 16.971l90.781 91.516c4.667 4.705 12.265 4.736 16.97.068l172.589-171.204c4.704-4.668 4.734-12.266.067-16.971z\"><\/path><\/svg>\t\t\t\t<\/span>\n\t\t\t<\/div>\n\t\t\t\n\t\t\t\t\t\t<div class=\"elementor-icon-box-content\">\n\n\t\t\t\t\t\t\t\t\t<h3 class=\"elementor-icon-box-title\">\n\t\t\t\t\t\t<span  >\n\t\t\t\t\t\t\t<span style=\"color: #0187f4\">Obrigado por escolher<\/span> a My Crypto Funding!\t\t\t\t\t\t<\/span>\n\t\t\t\t\t<\/h3>\n\t\t\t\t\n\t\t\t\t\t\t\t\t\t<p class=\"elementor-icon-box-description\">\n\t\t\t\t\t\tVoc\u00ea receber\u00e1 suas credenciais por e-mail em breve.\t\t\t\t\t<\/p>\n\t\t\t\t\n\t\t\t<\/div>\n\t\t\t\n\t\t<\/div>\n\t\t\t\t\t\t<\/div>\n\t\t\t\t<\/div>\n\t\t\t\t<div class=\"elementor-element elementor-element-efc6c92 elementor-align-left elementor-invisible elementor-widget elementor-widget-button\" data-id=\"efc6c92\" data-element_type=\"widget\" data-e-type=\"widget\" data-settings=\"{&quot;motion_fx_motion_fx_mouse&quot;:&quot;yes&quot;,&quot;_animation&quot;:&quot;fadeIn&quot;,&quot;_animation_delay&quot;:400}\" data-widget_type=\"button.default\">\n\t\t\t\t<div class=\"elementor-widget-container\">\n\t\t\t\t\t\t\t\t\t<div class=\"elementor-button-wrapper\">\n\t\t\t\t\t<a class=\"elementor-button elementor-button-link elementor-size-sm\" href=\"https:\/\/mycryptofunding.clientsportal.cloud\/\" target=\"_blank\">\n\t\t\t\t\t\t<span class=\"elementor-button-content-wrapper\">\n\t\t\t\t\t\t\t\t\t<span class=\"elementor-button-text\">ACESSAR SEU PAINEL DE CONTROLE<\/span>\n\t\t\t\t\t<\/span>\n\t\t\t\t\t<\/a>\n\t\t\t\t<\/div>\n\t\t\t\t\t\t\t\t<\/div>\n\t\t\t\t<\/div>\n\t\t\t\t<\/div>\n\t\t\t\t\t<\/div>\n\t\t\t\t<\/div>\n\t\t\t\t<\/div>\n\t\t","protected":false},"excerpt":{"rendered":"<p>Obrigado por escolher a My Crypto Funding! Voc\u00ea receber\u00e1 suas credenciais por e-mail em breve. ACESSAR SEU PAINEL DE CONTROLE<\/p>\n","protected":false},"author":1,"featured_media":5635,"parent":0,"menu_order":0,"comment_status":"closed","ping_status":"closed","template":"","meta":{"footnotes":""},"class_list":["post-3821","page","type-page","status-publish","has-post-thumbnail","hentry"],"yoast_head":"<!-- This site is optimized with the Yoast SEO Premium plugin v27.3 (Yoast SEO v27.3) - https:\/\/yoast.com\/product\/yoast-seo-premium-wordpress\/ -->\n<title>Obrigado ! | My Crypto Funding - A Melhor Mesa Propriet\u00e1ria de Cripto<\/title>\n<meta name=\"description\" content=\"Acesse seu painel de controle com o My Crypto Funding rapidamente ap\u00f3s receber suas credenciais por e-mail. Comece sua jornada criptogr\u00e1fica agora!\" \/>\n<meta name=\"robots\" content=\"index, follow, max-snippet:-1, max-image-preview:large, max-video-preview:-1\" \/>\n<link rel=\"canonical\" href=\"https:\/\/mycryptofunding.org\/pt-br\/obrigado-a-voce\/\" \/>\n<meta property=\"og:locale\" content=\"pt_BR\" \/>\n<meta property=\"og:type\" content=\"article\" \/>\n<meta property=\"og:title\" content=\"Obrigado ! | My Crypto Funding - A Melhor Mesa Propriet\u00e1ria de Cripto\" \/>\n<meta property=\"og:description\" content=\"Acesse seu painel de controle com o My Crypto Funding rapidamente ap\u00f3s receber suas credenciais por e-mail. Comece sua jornada criptogr\u00e1fica agora!\" \/>\n<meta property=\"og:url\" content=\"https:\/\/mycryptofunding.org\/pt-br\/obrigado-a-voce\/\" \/>\n<meta property=\"og:site_name\" content=\"My Crypto Funding\" \/>\n<meta property=\"article:publisher\" content=\"https:\/\/www.facebook.com\/mcfpropfirm\" \/>\n<meta property=\"article:modified_time\" content=\"2026-01-21T18:51:33+00:00\" \/>\n<meta property=\"og:image\" content=\"https:\/\/mycryptofunding.org\/wp-content\/uploads\/2025\/04\/THANK-YOU-\u2014-MCF-1-1024x576.png\" \/>\n<meta name=\"twitter:card\" content=\"summary_large_image\" \/>\n<meta name=\"twitter:title\" content=\"Obrigado ! | My Crypto Funding - A Melhor Mesa Propriet\u00e1ria de Cripto\" \/>\n<meta name=\"twitter:site\" content=\"@MyCryptoFunding\" \/>\n<meta name=\"twitter:label1\" content=\"Est. tempo de leitura\" \/>\n\t<meta name=\"twitter:data1\" content=\"1 minuto\" \/>\n<script type=\"application\/ld+json\" class=\"yoast-schema-graph\">{\"@context\":\"https:\\\/\\\/schema.org\",\"@graph\":[{\"@type\":\"WebPage\",\"@id\":\"https:\\\/\\\/mycryptofunding.org\\\/pt-br\\\/obrigado-a-voce\\\/\",\"url\":\"https:\\\/\\\/mycryptofunding.org\\\/pt-br\\\/obrigado-a-voce\\\/\",\"name\":\"Obrigado ! | My Crypto Funding - A Melhor Mesa Propriet\u00e1ria de Cripto\",\"isPartOf\":{\"@id\":\"https:\\\/\\\/mycryptofunding.org\\\/pt-br\\\/#website\"},\"primaryImageOfPage\":{\"@id\":\"https:\\\/\\\/mycryptofunding.org\\\/pt-br\\\/obrigado-a-voce\\\/#primaryimage\"},\"image\":{\"@id\":\"https:\\\/\\\/mycryptofunding.org\\\/pt-br\\\/obrigado-a-voce\\\/#primaryimage\"},\"thumbnailUrl\":\"https:\\\/\\\/mycryptofunding.org\\\/wp-content\\\/uploads\\\/2026\\\/01\\\/THANK-YOU-1.webp\",\"datePublished\":\"2025-04-06T23:44:18+00:00\",\"dateModified\":\"2026-01-21T18:51:33+00:00\",\"description\":\"Acesse seu painel de controle com o My Crypto Funding rapidamente ap\u00f3s receber suas credenciais por e-mail. Comece sua jornada criptogr\u00e1fica agora!\",\"breadcrumb\":{\"@id\":\"https:\\\/\\\/mycryptofunding.org\\\/pt-br\\\/obrigado-a-voce\\\/#breadcrumb\"},\"inLanguage\":\"pt-BR\",\"potentialAction\":[{\"@type\":\"ReadAction\",\"target\":[\"https:\\\/\\\/mycryptofunding.org\\\/pt-br\\\/obrigado-a-voce\\\/\"]}]},{\"@type\":\"ImageObject\",\"inLanguage\":\"pt-BR\",\"@id\":\"https:\\\/\\\/mycryptofunding.org\\\/pt-br\\\/obrigado-a-voce\\\/#primaryimage\",\"url\":\"https:\\\/\\\/mycryptofunding.org\\\/wp-content\\\/uploads\\\/2026\\\/01\\\/THANK-YOU-1.webp\",\"contentUrl\":\"https:\\\/\\\/mycryptofunding.org\\\/wp-content\\\/uploads\\\/2026\\\/01\\\/THANK-YOU-1.webp\",\"width\":1080,\"height\":1080},{\"@type\":\"BreadcrumbList\",\"@id\":\"https:\\\/\\\/mycryptofunding.org\\\/pt-br\\\/obrigado-a-voce\\\/#breadcrumb\",\"itemListElement\":[{\"@type\":\"ListItem\",\"position\":1,\"name\":\"Home\",\"item\":\"https:\\\/\\\/mycryptofunding.org\\\/pt-br\\\/\"},{\"@type\":\"ListItem\",\"position\":2,\"name\":\"Obrigado !\"}]},{\"@type\":\"WebSite\",\"@id\":\"https:\\\/\\\/mycryptofunding.org\\\/pt-br\\\/#website\",\"url\":\"https:\\\/\\\/mycryptofunding.org\\\/pt-br\\\/\",\"name\":\"My Crypto Funding\",\"description\":\"Best Crypto Prop Firm\",\"publisher\":{\"@id\":\"https:\\\/\\\/mycryptofunding.org\\\/pt-br\\\/#organization\"},\"alternateName\":\"MCF\",\"potentialAction\":[{\"@type\":\"SearchAction\",\"target\":{\"@type\":\"EntryPoint\",\"urlTemplate\":\"https:\\\/\\\/mycryptofunding.org\\\/pt-br\\\/?s={search_term_string}\"},\"query-input\":{\"@type\":\"PropertyValueSpecification\",\"valueRequired\":true,\"valueName\":\"search_term_string\"}}],\"inLanguage\":\"pt-BR\"},{\"@type\":\"Organization\",\"@id\":\"https:\\\/\\\/mycryptofunding.org\\\/pt-br\\\/#organization\",\"name\":\"My Crypto Funding\",\"alternateName\":\"MCF\",\"url\":\"https:\\\/\\\/mycryptofunding.org\\\/pt-br\\\/\",\"logo\":{\"@type\":\"ImageObject\",\"inLanguage\":\"pt-BR\",\"@id\":\"https:\\\/\\\/mycryptofunding.org\\\/pt-br\\\/#\\\/schema\\\/logo\\\/image\\\/\",\"url\":\"https:\\\/\\\/mycryptofunding.org\\\/wp-content\\\/uploads\\\/2026\\\/02\\\/mcf-logo.png\",\"contentUrl\":\"https:\\\/\\\/mycryptofunding.org\\\/wp-content\\\/uploads\\\/2026\\\/02\\\/mcf-logo.png\",\"width\":512,\"height\":512,\"caption\":\"My Crypto Funding\"},\"image\":{\"@id\":\"https:\\\/\\\/mycryptofunding.org\\\/pt-br\\\/#\\\/schema\\\/logo\\\/image\\\/\"},\"sameAs\":[\"https:\\\/\\\/www.facebook.com\\\/mcfpropfirm\",\"https:\\\/\\\/x.com\\\/MyCryptoFunding\",\"https:\\\/\\\/www.instagram.com\\\/mycryptofunding\\\/\",\"https:\\\/\\\/discord.com\\\/invite\\\/mycryptofunding\",\"https:\\\/\\\/t.me\\\/MyCryptoFundingLtd\"],\"publishingPrinciples\":\"https:\\\/\\\/mycryptofunding.org\\\/terms-and-conditions\\\/\",\"ownershipFundingInfo\":\"https:\\\/\\\/mycryptofunding.org\\\/about-us\\\/\"}]}<\/script>\n<!-- \/ Yoast SEO Premium plugin. -->","yoast_head_json":{"title":"Obrigado ! | My Crypto Funding - A Melhor Mesa Propriet\u00e1ria de Cripto","description":"Acesse seu painel de controle com o My Crypto Funding rapidamente ap\u00f3s receber suas credenciais por e-mail. Comece sua jornada criptogr\u00e1fica agora!","robots":{"index":"index","follow":"follow","max-snippet":"max-snippet:-1","max-image-preview":"max-image-preview:large","max-video-preview":"max-video-preview:-1"},"canonical":"https:\/\/mycryptofunding.org\/pt-br\/obrigado-a-voce\/","og_locale":"pt_BR","og_type":"article","og_title":"Obrigado ! | My Crypto Funding - A Melhor Mesa Propriet\u00e1ria de Cripto","og_description":"Acesse seu painel de controle com o My Crypto Funding rapidamente ap\u00f3s receber suas credenciais por e-mail. Comece sua jornada criptogr\u00e1fica agora!","og_url":"https:\/\/mycryptofunding.org\/pt-br\/obrigado-a-voce\/","og_site_name":"My Crypto Funding","article_publisher":"https:\/\/www.facebook.com\/mcfpropfirm","article_modified_time":"2026-01-21T18:51:33+00:00","og_image":[{"url":"https:\/\/mycryptofunding.org\/wp-content\/uploads\/2025\/04\/THANK-YOU-\u2014-MCF-1-1024x576.png","type":"","width":"","height":""}],"twitter_card":"summary_large_image","twitter_title":"Obrigado ! | My Crypto Funding - A Melhor Mesa Propriet\u00e1ria de Cripto","twitter_site":"@MyCryptoFunding","twitter_misc":{"Est. tempo de leitura":"1 minuto"},"schema":{"@context":"https:\/\/schema.org","@graph":[{"@type":"WebPage","@id":"https:\/\/mycryptofunding.org\/pt-br\/obrigado-a-voce\/","url":"https:\/\/mycryptofunding.org\/pt-br\/obrigado-a-voce\/","name":"Obrigado ! | My Crypto Funding - A Melhor Mesa Propriet\u00e1ria de Cripto","isPartOf":{"@id":"https:\/\/mycryptofunding.org\/pt-br\/#website"},"primaryImageOfPage":{"@id":"https:\/\/mycryptofunding.org\/pt-br\/obrigado-a-voce\/#primaryimage"},"image":{"@id":"https:\/\/mycryptofunding.org\/pt-br\/obrigado-a-voce\/#primaryimage"},"thumbnailUrl":"https:\/\/mycryptofunding.org\/wp-content\/uploads\/2026\/01\/THANK-YOU-1.webp","datePublished":"2025-04-06T23:44:18+00:00","dateModified":"2026-01-21T18:51:33+00:00","description":"Acesse seu painel de controle com o My Crypto Funding rapidamente ap\u00f3s receber suas credenciais por e-mail. Comece sua jornada criptogr\u00e1fica agora!","breadcrumb":{"@id":"https:\/\/mycryptofunding.org\/pt-br\/obrigado-a-voce\/#breadcrumb"},"inLanguage":"pt-BR","potentialAction":[{"@type":"ReadAction","target":["https:\/\/mycryptofunding.org\/pt-br\/obrigado-a-voce\/"]}]},{"@type":"ImageObject","inLanguage":"pt-BR","@id":"https:\/\/mycryptofunding.org\/pt-br\/obrigado-a-voce\/#primaryimage","url":"https:\/\/mycryptofunding.org\/wp-content\/uploads\/2026\/01\/THANK-YOU-1.webp","contentUrl":"https:\/\/mycryptofunding.org\/wp-content\/uploads\/2026\/01\/THANK-YOU-1.webp","width":1080,"height":1080},{"@type":"BreadcrumbList","@id":"https:\/\/mycryptofunding.org\/pt-br\/obrigado-a-voce\/#breadcrumb","itemListElement":[{"@type":"ListItem","position":1,"name":"Home","item":"https:\/\/mycryptofunding.org\/pt-br\/"},{"@type":"ListItem","position":2,"name":"Obrigado !"}]},{"@type":"WebSite","@id":"https:\/\/mycryptofunding.org\/pt-br\/#website","url":"https:\/\/mycryptofunding.org\/pt-br\/","name":"My Crypto Funding","description":"Best Crypto Prop Firm","publisher":{"@id":"https:\/\/mycryptofunding.org\/pt-br\/#organization"},"alternateName":"MCF","potentialAction":[{"@type":"SearchAction","target":{"@type":"EntryPoint","urlTemplate":"https:\/\/mycryptofunding.org\/pt-br\/?s={search_term_string}"},"query-input":{"@type":"PropertyValueSpecification","valueRequired":true,"valueName":"search_term_string"}}],"inLanguage":"pt-BR"},{"@type":"Organization","@id":"https:\/\/mycryptofunding.org\/pt-br\/#organization","name":"My Crypto Funding","alternateName":"MCF","url":"https:\/\/mycryptofunding.org\/pt-br\/","logo":{"@type":"ImageObject","inLanguage":"pt-BR","@id":"https:\/\/mycryptofunding.org\/pt-br\/#\/schema\/logo\/image\/","url":"https:\/\/mycryptofunding.org\/wp-content\/uploads\/2026\/02\/mcf-logo.png","contentUrl":"https:\/\/mycryptofunding.org\/wp-content\/uploads\/2026\/02\/mcf-logo.png","width":512,"height":512,"caption":"My Crypto Funding"},"image":{"@id":"https:\/\/mycryptofunding.org\/pt-br\/#\/schema\/logo\/image\/"},"sameAs":["https:\/\/www.facebook.com\/mcfpropfirm","https:\/\/x.com\/MyCryptoFunding","https:\/\/www.instagram.com\/mycryptofunding\/","https:\/\/discord.com\/invite\/mycryptofunding","https:\/\/t.me\/MyCryptoFundingLtd"],"publishingPrinciples":"https:\/\/mycryptofunding.org\/terms-and-conditions\/","ownershipFundingInfo":"https:\/\/mycryptofunding.org\/about-us\/"}]}},"_links":{"self":[{"href":"https:\/\/mycryptofunding.org\/pt-br\/wp-json\/wp\/v2\/pages\/3821","targetHints":{"allow":["GET"]}}],"collection":[{"href":"https:\/\/mycryptofunding.org\/pt-br\/wp-json\/wp\/v2\/pages"}],"about":[{"href":"https:\/\/mycryptofunding.org\/pt-br\/wp-json\/wp\/v2\/types\/page"}],"author":[{"embeddable":true,"href":"https:\/\/mycryptofunding.org\/pt-br\/wp-json\/wp\/v2\/users\/1"}],"replies":[{"embeddable":true,"href":"https:\/\/mycryptofunding.org\/pt-br\/wp-json\/wp\/v2\/comments?post=3821"}],"version-history":[{"count":6,"href":"https:\/\/mycryptofunding.org\/pt-br\/wp-json\/wp\/v2\/pages\/3821\/revisions"}],"predecessor-version":[{"id":4165,"href":"https:\/\/mycryptofunding.org\/pt-br\/wp-json\/wp\/v2\/pages\/3821\/revisions\/4165"}],"wp:featuredmedia":[{"embeddable":true,"href":"https:\/\/mycryptofunding.org\/pt-br\/wp-json\/wp\/v2\/media\/5635"}],"wp:attachment":[{"href":"https:\/\/mycryptofunding.org\/pt-br\/wp-json\/wp\/v2\/media?parent=3821"}],"curies":[{"name":"wp","href":"https:\/\/api.w.org\/{rel}","templated":true}]}}