{"id":3841,"date":"2025-01-28T14:57:21","date_gmt":"2025-01-28T14:57:21","guid":{"rendered":"https:\/\/mycryptofunding.org\/politica-de-privacidad\/"},"modified":"2025-04-25T14:21:30","modified_gmt":"2025-04-25T13:21:30","slug":"politica-de-privacidad","status":"publish","type":"page","link":"https:\/\/mycryptofunding.org\/es\/politica-de-privacidad\/","title":{"rendered":"Pol\u00edtica de privacidad"},"content":{"rendered":"\t\t<div data-elementor-type=\"wp-page\" data-elementor-id=\"3841\" class=\"elementor elementor-3841 elementor-3\" data-elementor-post-type=\"page\">\n\t\t\t\t<div class=\"elementor-element elementor-element-28422b24 e-flex e-con-boxed wpr-particle-no wpr-jarallax-no wpr-parallax-no wpr-sticky-section-no e-con e-parent\" data-id=\"28422b24\" data-element_type=\"container\" data-e-type=\"container\" data-settings=\"{&quot;background_background&quot;:&quot;classic&quot;}\">\n\t\t\t\t\t<div class=\"e-con-inner\">\n\t\t\t\t<div class=\"elementor-element elementor-element-c05c2f7 elementor-widget__width-inherit elementor-widget elementor-widget-heading\" data-id=\"c05c2f7\" data-element_type=\"widget\" data-e-type=\"widget\" data-widget_type=\"heading.default\">\n\t\t\t\t<div class=\"elementor-widget-container\">\n\t\t\t\t\t<h1 class=\"elementor-heading-title elementor-size-default\">Pol\u00edtica de privacidad<\/h1>\t\t\t\t<\/div>\n\t\t\t\t<\/div>\n\t\t\t\t<div class=\"elementor-element elementor-element-6ed5478 elementor-widget elementor-widget-text-editor\" data-id=\"6ed5478\" data-element_type=\"widget\" data-e-type=\"widget\" data-widget_type=\"text-editor.default\">\n\t\t\t\t<div class=\"elementor-widget-container\">\n\t\t\t\t\t\t\t\t\t<p>En My Crypto Funding, tu privacidad es una prioridad absoluta. Este Aviso de Privacidad describe c\u00f3mo recopilamos, utilizamos, almacenamos y divulgamos tu informaci\u00f3n cuando utilizas nuestros servicios en la plataforma My Crypto Funding. Este documento est\u00e1 dise\u00f1ado para ayudarte a entender nuestras pr\u00e1cticas y c\u00f3mo puedes tomar decisiones informadas sobre la informaci\u00f3n que compartes con nosotros. Al acceder o utilizar los servicios de My Crypto Funding, aceptas las pr\u00e1cticas relativas a los datos descritas en este aviso. Si no est\u00e1s de acuerdo con los t\u00e9rminos aqu\u00ed expuestos, por favor, no utilices nuestros servicios.    <\/p>\n<h3>1. RECOGIDA DE INFORMACI\u00d3N<\/h3>\n<p>1.1. Informaci\u00f3n que proporcionas Cuando te registras en nuestra plataforma, podemos pedirte que proporciones datos personales como tu nombre, direcci\u00f3n de correo electr\u00f3nico, n\u00famero de contacto y direcci\u00f3n f\u00edsica. Esta informaci\u00f3n es necesaria para crear tu cuenta y proporcionarte nuestros servicios.  1.2. Informaci\u00f3n recopilada autom\u00e1ticamente Recopilamos autom\u00e1ticamente cierta informaci\u00f3n cuando utilizas nuestros servicios, incluyendo tu ubicaci\u00f3n, informaci\u00f3n del dispositivo y datos de uso. Esto puede incluir detalles sobre el modelo de tu dispositivo, sistema operativo, tipo de navegador y direcci\u00f3n IP.  1.3. Informaci\u00f3n adicional Tambi\u00e9n podemos recopilar informaci\u00f3n cuando te comunicas con nosotros por correo electr\u00f3nico, o cuando proporcionas detalles de pago para comprar nuestros productos y servicios. 1.4. Informaci\u00f3n excluida de este aviso Cierta informaci\u00f3n no est\u00e1 cubierta por este aviso: &#8211; T\u00e9rminos de b\u00fasqueda introducidos utilizando nuestros servicios. &#8211; La informaci\u00f3n compartida a trav\u00e9s de servicios de terceros, como las redes sociales. &#8211; Datos estad\u00edsticos recopilados de forma an\u00f3nima.  <\/p>\n<h3>2. USO DE LA INFORMACI\u00d3N<\/h3>\n<p>2.1. Prestaci\u00f3n de servicios Utilizamos tus datos para prestar y mejorar nuestros servicios. Esto incluye el uso de tus datos personales para facilitar las transacciones, proporcionar asistencia al cliente y mejorar tu experiencia de usuario.  2.2. Colaboraci\u00f3n de socios Podemos compartir tu informaci\u00f3n con socios de confianza que se adhieran a nuestras normas de privacidad y seguridad. Estos socios nos ayudan a prestar nuestros servicios, pero tienen restringido el uso de tu informaci\u00f3n para otros fines.  2.3. Marketing y comunicaci\u00f3n Con tu consentimiento, podemos utilizar tu informaci\u00f3n para enviarte actualizaciones sobre nuestros servicios y ofertas promocionales. Puedes darte de baja de estas comunicaciones en cualquier momento. <\/p>\n<h3>3. DIVULGACI\u00d3N DE INFORMACI\u00d3N<\/h3>\n<p>3.1. Condiciones para la divulgaci\u00f3n No divulgaremos tus datos personales salvo en las siguientes circunstancias: &#8211; Con tu consentimiento expl\u00edcito. &#8211; Seg\u00fan lo exija la ley o la normativa gubernamental. &#8211; Para proteger la seguridad nacional y los intereses p\u00fablicos. &#8211; Para salvaguardar nuestros derechos y propiedad.    3.2. Uso por terceros Cualquier tercero que reciba tus datos est\u00e1 obligado a utilizarlos \u00fanicamente para prestarnos servicios y debe mantener su confidencialidad. 3.3. Menores Si tenemos conocimiento de que un menor nos ha proporcionado informaci\u00f3n personal sin el consentimiento de sus padres, tomaremos medidas para eliminar dicha informaci\u00f3n.<\/p>\n<h3>4. MEDIDAS DE SEGURIDAD<\/h3>\n<p>4.1. Protecci\u00f3n de datos Aplicamos diversas medidas de seguridad para proteger tu informaci\u00f3n personal contra el acceso y la divulgaci\u00f3n no autorizados. Sin embargo, comprende que ning\u00fan sistema de seguridad es impenetrable, y no podemos garantizar una seguridad completa.  4.2. Per\u00edodo de conservaci\u00f3n Conservaremos tus datos personales s\u00f3lo durante el tiempo necesario para cumplir los fines descritos en este aviso o seg\u00fan lo exija la ley.<\/p>\n<h3>5. ACTUALIZACIONES DE LA POL\u00cdTICA<\/h3>\n<p>Podemos revisar este Aviso de Privacidad de vez en cuando. Los cambios significativos te ser\u00e1n comunicados antes de que entren en vigor. Seguir utilizando nuestros servicios despu\u00e9s de dichos cambios indica que aceptas las condiciones revisadas.  <\/p>\n<h3>6. COOKIES Y TECNOLOG\u00cdAS DE SEGUIMIENTO<\/h3>\n<p>6.1. Uso Utilizamos cookies y tecnolog\u00edas similares para mejorar tu experiencia en nuestra plataforma, rastrear patrones de uso y almacenar cierta informaci\u00f3n. 6.2. Gesti\u00f3n de cookies Puedes configurar tu navegador para que rechace las cookies, pero esto puede limitar tu capacidad para utilizar algunas funciones de nuestros servicios. 6.3. Tipos de cookies Utilizamos cookies de sesi\u00f3n (que caducan cuando cierras el navegador) y cookies persistentes (que permanecen en tu dispositivo hasta que se eliminan) para diversos fines, como la autenticaci\u00f3n, el almacenamiento de preferencias y el seguimiento del rendimiento. 6.4. An\u00e1lisis Utilizamos herramientas de an\u00e1lisis de terceros, incluido Google Analytics, para analizar c\u00f3mo interact\u00faan los usuarios con nuestra plataforma. Puedes inhabilitar Google Analytics utilizando sus herramientas de inhabilitaci\u00f3n. <\/p>\n<h3>7. TUS DERECHOS<\/h3>\n<p>7.1. Derecho de supresi\u00f3n Puedes solicitar la supresi\u00f3n de tus datos personales, salvo determinadas excepciones exigidas por la ley. 7.2. Desconexi\u00f3n de cuentas de terceros Puedes desconectar tu cuenta My Crypto Funding de servicios de terceros poni\u00e9ndote en contacto con nosotros.<\/p>\n<h3>8. COMUNICACIONES POR CORREO ELECTR\u00d3NICO<\/h3>\n<p>Puedes recibir correos electr\u00f3nicos nuestros con diversos fines. Para dejar de recibir correos electr\u00f3nicos promocionales, puedes utilizar el enlace para darse de baja que figura en cada correo electr\u00f3nico. <\/p>\n<h3>9. ALMACENAMIENTO DE DATOS<\/h3>\n<p>Podemos almacenar tus datos en servidores de terceros, y nos aseguramos de que estos proveedores cumplan nuestras normas de privacidad.<\/p>\n<h3>10. CONT\u00c1CTANOS<\/h3>\n<p>Si tienes alguna pregunta o duda sobre nuestras pr\u00e1cticas de privacidad, ponte en contacto con nosotros en <a href=\"mailto:support@mycryptofunding.org\">support@mycryptofunding.org.<\/a> <strong>Nota<\/strong>: La pol\u00edtica de privacidad de TradingView, que est\u00e1 integrada en nuestra plataforma, funciona de forma independiente y no est\u00e1 cubierta por este Aviso de Privacidad. Recomendamos revisar la pol\u00edtica de privacidad de TradingView por separado para comprender sus pr\u00e1cticas de datos. <\/p>\t\t\t\t\t\t\t\t<\/div>\n\t\t\t\t<\/div>\n\t\t\t\t\t<\/div>\n\t\t\t\t<\/div>\n\t\t\t\t<\/div>\n\t\t","protected":false},"excerpt":{"rendered":"<p>Pol\u00edtica de privacidad En My Crypto Funding, tu privacidad es una prioridad absoluta. Este Aviso de Privacidad describe c\u00f3mo recopilamos, utilizamos, almacenamos y divulgamos tu informaci\u00f3n cuando utilizas nuestros servicios en la plataforma My Crypto Funding. Este documento est\u00e1 dise\u00f1ado para ayudarte a entender nuestras pr\u00e1cticas y c\u00f3mo puedes tomar decisiones informadas sobre la informaci\u00f3n que compartes con nosotros. Al acceder o utilizar los servicios de My Crypto Funding, aceptas las pr\u00e1cticas relativas a los datos descritas en este aviso. Si no est\u00e1s de acuerdo con los t\u00e9rminos aqu\u00ed expuestos, por favor, no utilices nuestros servicios. 1. RECOGIDA DE INFORMACI\u00d3N 1.1. Informaci\u00f3n que proporcionas Cuando te registras en nuestra plataforma, podemos pedirte que proporciones datos personales como tu nombre, direcci\u00f3n de correo electr\u00f3nico, n\u00famero de contacto y direcci\u00f3n f\u00edsica. Esta informaci\u00f3n es necesaria para crear tu cuenta y proporcionarte nuestros servicios. 1.2. Informaci\u00f3n recopilada autom\u00e1ticamente Recopilamos autom\u00e1ticamente cierta informaci\u00f3n cuando utilizas nuestros servicios, incluyendo tu ubicaci\u00f3n, informaci\u00f3n del dispositivo y datos de uso. Esto puede incluir detalles sobre el modelo de tu dispositivo, sistema operativo, tipo de navegador y direcci\u00f3n IP. 1.3. Informaci\u00f3n adicional Tambi\u00e9n podemos recopilar informaci\u00f3n cuando te comunicas con nosotros por correo electr\u00f3nico, o cuando proporcionas detalles de pago para comprar nuestros productos y servicios. 1.4. Informaci\u00f3n excluida de este aviso Cierta informaci\u00f3n no est\u00e1 cubierta por este aviso: &#8211; T\u00e9rminos de b\u00fasqueda introducidos utilizando nuestros servicios. &#8211; La informaci\u00f3n compartida a trav\u00e9s de servicios de terceros, como las redes sociales. &#8211; Datos estad\u00edsticos recopilados de forma an\u00f3nima. 2. USO DE LA INFORMACI\u00d3N 2.1. Prestaci\u00f3n de servicios Utilizamos tus datos para prestar y mejorar nuestros servicios. Esto incluye el uso de tus datos personales para facilitar las transacciones, proporcionar asistencia al cliente y mejorar tu experiencia de usuario. 2.2. Colaboraci\u00f3n de socios Podemos compartir tu informaci\u00f3n con socios de confianza que se adhieran a nuestras normas de privacidad y seguridad. Estos socios nos ayudan a prestar nuestros servicios, pero tienen restringido el uso de tu informaci\u00f3n para otros fines. 2.3. Marketing y comunicaci\u00f3n Con tu consentimiento, podemos utilizar tu informaci\u00f3n para enviarte actualizaciones sobre nuestros servicios y ofertas promocionales. Puedes darte de baja de estas comunicaciones en cualquier momento. 3. DIVULGACI\u00d3N DE INFORMACI\u00d3N 3.1. Condiciones para la divulgaci\u00f3n No divulgaremos tus datos personales salvo en las siguientes circunstancias: &#8211; Con tu consentimiento expl\u00edcito. &#8211; Seg\u00fan lo exija la ley o la normativa gubernamental. &#8211; Para proteger la seguridad nacional y los intereses p\u00fablicos. &#8211; Para salvaguardar nuestros derechos y propiedad. 3.2. Uso por terceros Cualquier tercero que reciba tus datos est\u00e1 obligado a utilizarlos \u00fanicamente para prestarnos servicios y debe mantener su confidencialidad. 3.3. Menores Si tenemos conocimiento de que un menor nos ha proporcionado informaci\u00f3n personal sin el consentimiento de sus padres, tomaremos medidas para eliminar dicha informaci\u00f3n. 4. MEDIDAS DE SEGURIDAD 4.1. Protecci\u00f3n de datos Aplicamos diversas medidas de seguridad para proteger tu informaci\u00f3n personal contra el acceso y la divulgaci\u00f3n no autorizados. Sin embargo, comprende que ning\u00fan sistema de seguridad es impenetrable, y no podemos garantizar una seguridad completa. 4.2. Per\u00edodo de conservaci\u00f3n Conservaremos tus datos personales s\u00f3lo durante el tiempo necesario para cumplir los fines descritos en este aviso o seg\u00fan lo exija la ley. 5. ACTUALIZACIONES DE LA POL\u00cdTICA Podemos revisar este Aviso de Privacidad de vez en cuando. Los cambios significativos te ser\u00e1n comunicados antes de que entren en vigor. Seguir utilizando nuestros servicios despu\u00e9s de dichos cambios indica que aceptas las condiciones revisadas. 6. COOKIES Y TECNOLOG\u00cdAS DE SEGUIMIENTO 6.1. Uso Utilizamos cookies y tecnolog\u00edas similares para mejorar tu experiencia en nuestra plataforma, rastrear patrones de uso y almacenar cierta informaci\u00f3n. 6.2. Gesti\u00f3n de cookies Puedes configurar tu navegador para que rechace las cookies, pero esto puede limitar tu capacidad para utilizar algunas funciones de nuestros servicios. 6.3. Tipos de cookies Utilizamos cookies de sesi\u00f3n (que caducan cuando cierras el navegador) y cookies persistentes (que permanecen en tu dispositivo hasta que se eliminan) para diversos fines, como la autenticaci\u00f3n, el almacenamiento de preferencias y el seguimiento del rendimiento. 6.4. An\u00e1lisis Utilizamos herramientas de an\u00e1lisis de terceros, incluido Google Analytics, para analizar c\u00f3mo interact\u00faan los usuarios con nuestra plataforma. Puedes inhabilitar Google Analytics utilizando sus herramientas de inhabilitaci\u00f3n. 7. TUS DERECHOS 7.1. Derecho de supresi\u00f3n Puedes solicitar la supresi\u00f3n de tus datos personales, salvo determinadas excepciones exigidas por la ley. 7.2. Desconexi\u00f3n de cuentas de terceros Puedes desconectar tu cuenta My Crypto Funding de servicios de terceros poni\u00e9ndote en contacto con nosotros. 8. COMUNICACIONES POR CORREO ELECTR\u00d3NICO Puedes recibir correos electr\u00f3nicos nuestros con diversos fines. Para dejar de recibir correos electr\u00f3nicos promocionales, puedes utilizar el enlace para darse de baja que figura en cada correo electr\u00f3nico. 9. ALMACENAMIENTO DE DATOS Podemos almacenar tus datos en servidores de terceros, y nos aseguramos de que estos proveedores cumplan nuestras normas de privacidad. 10. CONT\u00c1CTANOS Si tienes alguna pregunta o duda sobre nuestras pr\u00e1cticas de privacidad, ponte en contacto con nosotros en support@mycryptofunding.org. Nota: La pol\u00edtica de privacidad de TradingView, que est\u00e1 integrada en nuestra plataforma, funciona de forma independiente y no est\u00e1 cubierta por este Aviso de Privacidad. Recomendamos revisar la pol\u00edtica de privacidad de TradingView por separado para comprender sus pr\u00e1cticas de datos.<\/p>\n","protected":false},"author":1,"featured_media":5590,"parent":0,"menu_order":0,"comment_status":"closed","ping_status":"closed","template":"","meta":{"footnotes":""},"class_list":["post-3841","page","type-page","status-publish","has-post-thumbnail","hentry"],"yoast_head":"<!-- This site is optimized with the Yoast SEO Premium plugin v27.3 (Yoast SEO v27.3) - https:\/\/yoast.com\/product\/yoast-seo-premium-wordpress\/ -->\n<title>Pol\u00edtica de privacidad | My Crypto Funding - La Mejor Firma de Apuntalamiento de Criptomonedas<\/title>\n<meta name=\"description\" content=\"Comprende c\u00f3mo My Crypto Funding da prioridad a tu privacidad y gestiona tu informaci\u00f3n para una experiencia segura.\" \/>\n<meta name=\"robots\" content=\"index, follow, max-snippet:-1, max-image-preview:large, max-video-preview:-1\" \/>\n<link rel=\"canonical\" href=\"https:\/\/mycryptofunding.org\/es\/politica-de-privacidad\/\" \/>\n<meta property=\"og:locale\" content=\"es_ES\" \/>\n<meta property=\"og:type\" content=\"article\" \/>\n<meta property=\"og:title\" content=\"Pol\u00edtica de privacidad | My Crypto Funding - La Mejor Firma de Apuntalamiento de Criptomonedas\" \/>\n<meta property=\"og:description\" content=\"Comprender la pol\u00edtica de privacidad de MCF.\" \/>\n<meta property=\"og:url\" content=\"https:\/\/mycryptofunding.org\/es\/politica-de-privacidad\/\" \/>\n<meta property=\"og:site_name\" content=\"My Crypto Funding\" \/>\n<meta property=\"article:publisher\" content=\"https:\/\/www.facebook.com\/mcfpropfirm\" \/>\n<meta property=\"article:modified_time\" content=\"2025-04-25T13:21:30+00:00\" \/>\n<meta property=\"og:image\" content=\"https:\/\/mycryptofunding.org\/wp-content\/uploads\/2025\/04\/PRIVACY-POLICY-\u2014-My-Crypto-Funding-1024x576.png\" \/>\n<meta name=\"twitter:card\" content=\"summary_large_image\" \/>\n<meta name=\"twitter:title\" content=\"Pol\u00edtica de privacidad | My Crypto Funding - La Mejor Firma de Apuntalamiento de Criptomonedas\" \/>\n<meta name=\"twitter:description\" content=\"Comprende c\u00f3mo My Crypto Funding da prioridad a tu privacidad y gestiona tu informaci\u00f3n para una experiencia segura.\" \/>\n<meta name=\"twitter:site\" content=\"@MyCryptoFunding\" \/>\n<meta name=\"twitter:label1\" content=\"Tiempo de lectura\" \/>\n\t<meta name=\"twitter:data1\" content=\"5 minutos\" \/>\n<script type=\"application\/ld+json\" class=\"yoast-schema-graph\">{\"@context\":\"https:\\\/\\\/schema.org\",\"@graph\":[{\"@type\":\"WebPage\",\"@id\":\"https:\\\/\\\/mycryptofunding.org\\\/es\\\/politica-de-privacidad\\\/\",\"url\":\"https:\\\/\\\/mycryptofunding.org\\\/es\\\/politica-de-privacidad\\\/\",\"name\":\"Pol\u00edtica de privacidad | My Crypto Funding - La Mejor Firma de Apuntalamiento de Criptomonedas\",\"isPartOf\":{\"@id\":\"https:\\\/\\\/mycryptofunding.org\\\/es\\\/#website\"},\"primaryImageOfPage\":{\"@id\":\"https:\\\/\\\/mycryptofunding.org\\\/es\\\/politica-de-privacidad\\\/#primaryimage\"},\"image\":{\"@id\":\"https:\\\/\\\/mycryptofunding.org\\\/es\\\/politica-de-privacidad\\\/#primaryimage\"},\"thumbnailUrl\":\"https:\\\/\\\/mycryptofunding.org\\\/wp-content\\\/uploads\\\/2026\\\/01\\\/PRIVACY-POLICY.webp\",\"datePublished\":\"2025-01-28T14:57:21+00:00\",\"dateModified\":\"2025-04-25T13:21:30+00:00\",\"description\":\"Comprende c\u00f3mo My Crypto Funding da prioridad a tu privacidad y gestiona tu informaci\u00f3n para una experiencia segura.\",\"breadcrumb\":{\"@id\":\"https:\\\/\\\/mycryptofunding.org\\\/es\\\/politica-de-privacidad\\\/#breadcrumb\"},\"inLanguage\":\"es\",\"potentialAction\":[{\"@type\":\"ReadAction\",\"target\":[\"https:\\\/\\\/mycryptofunding.org\\\/es\\\/politica-de-privacidad\\\/\"]}]},{\"@type\":\"ImageObject\",\"inLanguage\":\"es\",\"@id\":\"https:\\\/\\\/mycryptofunding.org\\\/es\\\/politica-de-privacidad\\\/#primaryimage\",\"url\":\"https:\\\/\\\/mycryptofunding.org\\\/wp-content\\\/uploads\\\/2026\\\/01\\\/PRIVACY-POLICY.webp\",\"contentUrl\":\"https:\\\/\\\/mycryptofunding.org\\\/wp-content\\\/uploads\\\/2026\\\/01\\\/PRIVACY-POLICY.webp\",\"width\":1080,\"height\":1080},{\"@type\":\"BreadcrumbList\",\"@id\":\"https:\\\/\\\/mycryptofunding.org\\\/es\\\/politica-de-privacidad\\\/#breadcrumb\",\"itemListElement\":[{\"@type\":\"ListItem\",\"position\":1,\"name\":\"Home\",\"item\":\"https:\\\/\\\/mycryptofunding.org\\\/es\\\/\"},{\"@type\":\"ListItem\",\"position\":2,\"name\":\"Pol\u00edtica de privacidad\"}]},{\"@type\":\"WebSite\",\"@id\":\"https:\\\/\\\/mycryptofunding.org\\\/es\\\/#website\",\"url\":\"https:\\\/\\\/mycryptofunding.org\\\/es\\\/\",\"name\":\"My Crypto Funding\",\"description\":\"Best Crypto Prop Firm\",\"publisher\":{\"@id\":\"https:\\\/\\\/mycryptofunding.org\\\/es\\\/#organization\"},\"alternateName\":\"MCF\",\"potentialAction\":[{\"@type\":\"SearchAction\",\"target\":{\"@type\":\"EntryPoint\",\"urlTemplate\":\"https:\\\/\\\/mycryptofunding.org\\\/es\\\/?s={search_term_string}\"},\"query-input\":{\"@type\":\"PropertyValueSpecification\",\"valueRequired\":true,\"valueName\":\"search_term_string\"}}],\"inLanguage\":\"es\"},{\"@type\":\"Organization\",\"@id\":\"https:\\\/\\\/mycryptofunding.org\\\/es\\\/#organization\",\"name\":\"My Crypto Funding\",\"alternateName\":\"MCF\",\"url\":\"https:\\\/\\\/mycryptofunding.org\\\/es\\\/\",\"logo\":{\"@type\":\"ImageObject\",\"inLanguage\":\"es\",\"@id\":\"https:\\\/\\\/mycryptofunding.org\\\/es\\\/#\\\/schema\\\/logo\\\/image\\\/\",\"url\":\"https:\\\/\\\/mycryptofunding.org\\\/wp-content\\\/uploads\\\/2026\\\/02\\\/mcf-logo.png\",\"contentUrl\":\"https:\\\/\\\/mycryptofunding.org\\\/wp-content\\\/uploads\\\/2026\\\/02\\\/mcf-logo.png\",\"width\":512,\"height\":512,\"caption\":\"My Crypto Funding\"},\"image\":{\"@id\":\"https:\\\/\\\/mycryptofunding.org\\\/es\\\/#\\\/schema\\\/logo\\\/image\\\/\"},\"sameAs\":[\"https:\\\/\\\/www.facebook.com\\\/mcfpropfirm\",\"https:\\\/\\\/x.com\\\/MyCryptoFunding\",\"https:\\\/\\\/www.instagram.com\\\/mycryptofunding\\\/\",\"https:\\\/\\\/discord.com\\\/invite\\\/mycryptofunding\",\"https:\\\/\\\/t.me\\\/MyCryptoFundingLtd\"],\"publishingPrinciples\":\"https:\\\/\\\/mycryptofunding.org\\\/terms-and-conditions\\\/\",\"ownershipFundingInfo\":\"https:\\\/\\\/mycryptofunding.org\\\/about-us\\\/\"}]}<\/script>\n<!-- \/ Yoast SEO Premium plugin. -->","yoast_head_json":{"title":"Pol\u00edtica de privacidad | My Crypto Funding - La Mejor Firma de Apuntalamiento de Criptomonedas","description":"Comprende c\u00f3mo My Crypto Funding da prioridad a tu privacidad y gestiona tu informaci\u00f3n para una experiencia segura.","robots":{"index":"index","follow":"follow","max-snippet":"max-snippet:-1","max-image-preview":"max-image-preview:large","max-video-preview":"max-video-preview:-1"},"canonical":"https:\/\/mycryptofunding.org\/es\/politica-de-privacidad\/","og_locale":"es_ES","og_type":"article","og_title":"Pol\u00edtica de privacidad | My Crypto Funding - La Mejor Firma de Apuntalamiento de Criptomonedas","og_description":"Comprender la pol\u00edtica de privacidad de MCF.","og_url":"https:\/\/mycryptofunding.org\/es\/politica-de-privacidad\/","og_site_name":"My Crypto Funding","article_publisher":"https:\/\/www.facebook.com\/mcfpropfirm","article_modified_time":"2025-04-25T13:21:30+00:00","og_image":[{"url":"https:\/\/mycryptofunding.org\/wp-content\/uploads\/2025\/04\/PRIVACY-POLICY-\u2014-My-Crypto-Funding-1024x576.png","type":"","width":"","height":""}],"twitter_card":"summary_large_image","twitter_title":"Pol\u00edtica de privacidad | My Crypto Funding - La Mejor Firma de Apuntalamiento de Criptomonedas","twitter_description":"Comprende c\u00f3mo My Crypto Funding da prioridad a tu privacidad y gestiona tu informaci\u00f3n para una experiencia segura.","twitter_site":"@MyCryptoFunding","twitter_misc":{"Tiempo de lectura":"5 minutos"},"schema":{"@context":"https:\/\/schema.org","@graph":[{"@type":"WebPage","@id":"https:\/\/mycryptofunding.org\/es\/politica-de-privacidad\/","url":"https:\/\/mycryptofunding.org\/es\/politica-de-privacidad\/","name":"Pol\u00edtica de privacidad | My Crypto Funding - La Mejor Firma de Apuntalamiento de Criptomonedas","isPartOf":{"@id":"https:\/\/mycryptofunding.org\/es\/#website"},"primaryImageOfPage":{"@id":"https:\/\/mycryptofunding.org\/es\/politica-de-privacidad\/#primaryimage"},"image":{"@id":"https:\/\/mycryptofunding.org\/es\/politica-de-privacidad\/#primaryimage"},"thumbnailUrl":"https:\/\/mycryptofunding.org\/wp-content\/uploads\/2026\/01\/PRIVACY-POLICY.webp","datePublished":"2025-01-28T14:57:21+00:00","dateModified":"2025-04-25T13:21:30+00:00","description":"Comprende c\u00f3mo My Crypto Funding da prioridad a tu privacidad y gestiona tu informaci\u00f3n para una experiencia segura.","breadcrumb":{"@id":"https:\/\/mycryptofunding.org\/es\/politica-de-privacidad\/#breadcrumb"},"inLanguage":"es","potentialAction":[{"@type":"ReadAction","target":["https:\/\/mycryptofunding.org\/es\/politica-de-privacidad\/"]}]},{"@type":"ImageObject","inLanguage":"es","@id":"https:\/\/mycryptofunding.org\/es\/politica-de-privacidad\/#primaryimage","url":"https:\/\/mycryptofunding.org\/wp-content\/uploads\/2026\/01\/PRIVACY-POLICY.webp","contentUrl":"https:\/\/mycryptofunding.org\/wp-content\/uploads\/2026\/01\/PRIVACY-POLICY.webp","width":1080,"height":1080},{"@type":"BreadcrumbList","@id":"https:\/\/mycryptofunding.org\/es\/politica-de-privacidad\/#breadcrumb","itemListElement":[{"@type":"ListItem","position":1,"name":"Home","item":"https:\/\/mycryptofunding.org\/es\/"},{"@type":"ListItem","position":2,"name":"Pol\u00edtica de privacidad"}]},{"@type":"WebSite","@id":"https:\/\/mycryptofunding.org\/es\/#website","url":"https:\/\/mycryptofunding.org\/es\/","name":"My Crypto Funding","description":"Best Crypto Prop Firm","publisher":{"@id":"https:\/\/mycryptofunding.org\/es\/#organization"},"alternateName":"MCF","potentialAction":[{"@type":"SearchAction","target":{"@type":"EntryPoint","urlTemplate":"https:\/\/mycryptofunding.org\/es\/?s={search_term_string}"},"query-input":{"@type":"PropertyValueSpecification","valueRequired":true,"valueName":"search_term_string"}}],"inLanguage":"es"},{"@type":"Organization","@id":"https:\/\/mycryptofunding.org\/es\/#organization","name":"My Crypto Funding","alternateName":"MCF","url":"https:\/\/mycryptofunding.org\/es\/","logo":{"@type":"ImageObject","inLanguage":"es","@id":"https:\/\/mycryptofunding.org\/es\/#\/schema\/logo\/image\/","url":"https:\/\/mycryptofunding.org\/wp-content\/uploads\/2026\/02\/mcf-logo.png","contentUrl":"https:\/\/mycryptofunding.org\/wp-content\/uploads\/2026\/02\/mcf-logo.png","width":512,"height":512,"caption":"My Crypto Funding"},"image":{"@id":"https:\/\/mycryptofunding.org\/es\/#\/schema\/logo\/image\/"},"sameAs":["https:\/\/www.facebook.com\/mcfpropfirm","https:\/\/x.com\/MyCryptoFunding","https:\/\/www.instagram.com\/mycryptofunding\/","https:\/\/discord.com\/invite\/mycryptofunding","https:\/\/t.me\/MyCryptoFundingLtd"],"publishingPrinciples":"https:\/\/mycryptofunding.org\/terms-and-conditions\/","ownershipFundingInfo":"https:\/\/mycryptofunding.org\/about-us\/"}]}},"_links":{"self":[{"href":"https:\/\/mycryptofunding.org\/es\/wp-json\/wp\/v2\/pages\/3841","targetHints":{"allow":["GET"]}}],"collection":[{"href":"https:\/\/mycryptofunding.org\/es\/wp-json\/wp\/v2\/pages"}],"about":[{"href":"https:\/\/mycryptofunding.org\/es\/wp-json\/wp\/v2\/types\/page"}],"author":[{"embeddable":true,"href":"https:\/\/mycryptofunding.org\/es\/wp-json\/wp\/v2\/users\/1"}],"replies":[{"embeddable":true,"href":"https:\/\/mycryptofunding.org\/es\/wp-json\/wp\/v2\/comments?post=3841"}],"version-history":[{"count":1,"href":"https:\/\/mycryptofunding.org\/es\/wp-json\/wp\/v2\/pages\/3841\/revisions"}],"predecessor-version":[{"id":3842,"href":"https:\/\/mycryptofunding.org\/es\/wp-json\/wp\/v2\/pages\/3841\/revisions\/3842"}],"wp:featuredmedia":[{"embeddable":true,"href":"https:\/\/mycryptofunding.org\/es\/wp-json\/wp\/v2\/media\/5590"}],"wp:attachment":[{"href":"https:\/\/mycryptofunding.org\/es\/wp-json\/wp\/v2\/media?parent=3841"}],"curies":[{"name":"wp","href":"https:\/\/api.w.org\/{rel}","templated":true}]}}